{"id":3317,"date":"2024-02-08T10:10:34","date_gmt":"2024-02-08T10:10:34","guid":{"rendered":"https:\/\/startersites.io\/elementor\/garderobe\/?page_id=3317"},"modified":"2025-02-06T09:59:31","modified_gmt":"2025-02-06T09:59:31","slug":"apropos","status":"publish","type":"page","link":"https:\/\/mydress.fr\/?page_id=3317","title":{"rendered":"A propos"},"content":{"rendered":"\t\t<div data-elementor-type=\"wp-page\" data-elementor-id=\"3317\" class=\"elementor elementor-3317\">\n\t\t\t\t<div class=\"elementor-element elementor-element-9ee3a43 e-flex e-con-boxed e-con e-parent\" data-id=\"9ee3a43\" data-element_type=\"container\" data-e-type=\"container\" data-settings=\"{&quot;background_background&quot;:&quot;classic&quot;}\">\n\t\t\t\t\t<div class=\"e-con-inner\">\n\t\t<div class=\"elementor-element elementor-element-8da0acb e-con-full e-flex e-con e-child\" data-id=\"8da0acb\" data-element_type=\"container\" data-e-type=\"container\">\n\t\t\t\t<div class=\"elementor-element elementor-element-3d73a2b elementor-widget elementor-widget-text-editor\" data-id=\"3d73a2b\" data-element_type=\"widget\" data-e-type=\"widget\" data-widget_type=\"text-editor.default\">\n\t\t\t\t<div class=\"elementor-widget-container\">\n\t\t\t\t\t\t\t\t\t<p>NOTRE MISSION<\/p>\t\t\t\t\t\t\t\t<\/div>\n\t\t\t\t<\/div>\n\t\t\t\t<div class=\"elementor-element elementor-element-4bae9a6 elementor-widget elementor-widget-heading\" data-id=\"4bae9a6\" data-element_type=\"widget\" data-e-type=\"widget\" data-widget_type=\"heading.default\">\n\t\t\t\t<div class=\"elementor-widget-container\">\n\t\t\t\t\t<h2 class=\"elementor-heading-title elementor-size-default\">Votre \u00e9quipe de stylisme personnelle toujours l\u00e0 pour vous<\/h2>\t\t\t\t<\/div>\n\t\t\t\t<\/div>\n\t\t\t\t<div class=\"elementor-element elementor-element-6ced951 elementor-widget elementor-widget-text-editor\" data-id=\"6ced951\" data-element_type=\"widget\" data-e-type=\"widget\" data-widget_type=\"text-editor.default\">\n\t\t\t\t<div class=\"elementor-widget-container\">\n\t\t\t\t\t\t\t\t\t<p>Notre mission est de proposer une mode f\u00e9minine moderne, \u00e9l\u00e9gante et inclusive, qui allie style et respect des valeurs culturelles et religieuses. Nous s\u00e9lectionnons des v\u00eatements qui permettent \u00e0 chaque femme de se sentir belle et confiante, tout en offrant une diversit\u00e9 de choix adapt\u00e9s \u00e0 toutes les silhouettes et croyances. \u00c0 travers des collections de qualit\u00e9, nous visons \u00e0 red\u00e9finir la mode f\u00e9minine en favorisant l&rsquo;authenticit\u00e9, le confort et la modestie.<\/p>\t\t\t\t\t\t\t\t<\/div>\n\t\t\t\t<\/div>\n\t\t\t\t<div class=\"elementor-element elementor-element-d1aa1ba elementor-align-left elementor-widget elementor-widget-button\" data-id=\"d1aa1ba\" data-element_type=\"widget\" data-e-type=\"widget\" data-widget_type=\"button.default\">\n\t\t\t\t<div class=\"elementor-widget-container\">\n\t\t\t\t\t\t\t\t\t<div class=\"elementor-button-wrapper\">\n\t\t\t\t\t<a class=\"elementor-button elementor-button-link elementor-size-md\" href=\"#\">\n\t\t\t\t\t\t<span class=\"elementor-button-content-wrapper\">\n\t\t\t\t\t\t\t\t\t<span class=\"elementor-button-text\">plus de d\u00e9tails<\/span>\n\t\t\t\t\t<\/span>\n\t\t\t\t\t<\/a>\n\t\t\t\t<\/div>\n\t\t\t\t\t\t\t\t<\/div>\n\t\t\t\t<\/div>\n\t\t\t\t<\/div>\n\t\t\t\t<div class=\"elementor-element elementor-element-666be0e elementor-widget-tablet__width-inherit elementor-widget__width-auto elementor-widget elementor-widget-image\" data-id=\"666be0e\" data-element_type=\"widget\" data-e-type=\"widget\" data-widget_type=\"image.default\">\n\t\t\t\t<div class=\"elementor-widget-container\">\n\t\t\t\t\t\t\t\t\t\t\t\t\t\t\t<img fetchpriority=\"high\" decoding=\"async\" width=\"1024\" height=\"1024\" src=\"https:\/\/mydress.fr\/wp-content\/uploads\/2025\/02\/freepik__crez-une-image-pour-un-site-ecommerce-de-vtements-__57458.png\" class=\"attachment-large size-large wp-image-3532\" alt=\"\" srcset=\"https:\/\/mydress.fr\/wp-content\/uploads\/2025\/02\/freepik__crez-une-image-pour-un-site-ecommerce-de-vtements-__57458.png 1024w, https:\/\/mydress.fr\/wp-content\/uploads\/2025\/02\/freepik__crez-une-image-pour-un-site-ecommerce-de-vtements-__57458-300x300.png 300w, https:\/\/mydress.fr\/wp-content\/uploads\/2025\/02\/freepik__crez-une-image-pour-un-site-ecommerce-de-vtements-__57458-150x150.png 150w, https:\/\/mydress.fr\/wp-content\/uploads\/2025\/02\/freepik__crez-une-image-pour-un-site-ecommerce-de-vtements-__57458-768x768.png 768w, https:\/\/mydress.fr\/wp-content\/uploads\/2025\/02\/freepik__crez-une-image-pour-un-site-ecommerce-de-vtements-__57458-600x600.png 600w, https:\/\/mydress.fr\/wp-content\/uploads\/2025\/02\/freepik__crez-une-image-pour-un-site-ecommerce-de-vtements-__57458-100x100.png 100w\" sizes=\"(max-width: 1024px) 100vw, 1024px\" \/>\t\t\t\t\t\t\t\t\t\t\t\t\t\t\t<\/div>\n\t\t\t\t<\/div>\n\t\t\t\t\t<\/div>\n\t\t\t\t<\/div>\n\t\t<div class=\"elementor-element elementor-element-2dc7c4f e-grid e-con-boxed e-con e-parent\" data-id=\"2dc7c4f\" data-element_type=\"container\" data-e-type=\"container\">\n\t\t\t\t\t<div class=\"e-con-inner\">\n\t\t\t\t<div class=\"elementor-element elementor-element-b0e3ae0 elementor-position-inline-start elementor-tablet-position-inline-start elementor-view-default elementor-mobile-position-block-start elementor-widget elementor-widget-icon-box\" data-id=\"b0e3ae0\" data-element_type=\"widget\" data-e-type=\"widget\" data-widget_type=\"icon-box.default\">\n\t\t\t\t<div class=\"elementor-widget-container\">\n\t\t\t\t\t\t\t<div class=\"elementor-icon-box-wrapper\">\n\n\t\t\t\t\t\t<div class=\"elementor-icon-box-icon\">\n\t\t\t\t<span  class=\"elementor-icon\">\n\t\t\t\t\t\t\t\t<\/span>\n\t\t\t<\/div>\n\t\t\t\n\t\t\t\t\t\t<div class=\"elementor-icon-box-content\">\n\n\t\t\t\t\t\t\t\t\t<h3 class=\"elementor-icon-box-title\">\n\t\t\t\t\t\t<span  >\n\t\t\t\t\t\t\tStyliste personnel\t\t\t\t\t\t<\/span>\n\t\t\t\t\t<\/h3>\n\t\t\t\t\n\t\t\t\t\t\t\t\t\t<p class=\"elementor-icon-box-description\">\n\t\t\t\t\t\tD\u00e9couvrez des v\u00eatements qui subliment votre silhouette et correspondent parfaitement \u00e0 vos go\u00fbts.  Que ce soit pour une occasion sp\u00e9ciale ou pour renouveler votre garde-robe, notre s\u00e9lection sur mesure vous permet de trouver facilement des pi\u00e8ces afin de sublimer chaque moment de votre vie.\t\t\t\t\t<\/p>\n\t\t\t\t\n\t\t\t<\/div>\n\t\t\t\n\t\t<\/div>\n\t\t\t\t\t\t<\/div>\n\t\t\t\t<\/div>\n\t\t\t\t<div class=\"elementor-element elementor-element-3e7d42e elementor-position-inline-start elementor-view-default elementor-mobile-position-block-start elementor-widget elementor-widget-icon-box\" data-id=\"3e7d42e\" data-element_type=\"widget\" data-e-type=\"widget\" data-widget_type=\"icon-box.default\">\n\t\t\t\t<div class=\"elementor-widget-container\">\n\t\t\t\t\t\t\t<div class=\"elementor-icon-box-wrapper\">\n\n\t\t\t\t\t\t<div class=\"elementor-icon-box-icon\">\n\t\t\t\t<span  class=\"elementor-icon\">\n\t\t\t\t\t\t\t\t<\/span>\n\t\t\t<\/div>\n\t\t\t\n\t\t\t\t\t\t<div class=\"elementor-icon-box-content\">\n\n\t\t\t\t\t\t\t\t\t<h3 class=\"elementor-icon-box-title\">\n\t\t\t\t\t\t<span  >\n\t\t\t\t\t\t\tS\u00e9lection de mati\u00e8res premium\t\t\t\t\t\t<\/span>\n\t\t\t\t\t<\/h3>\n\t\t\t\t\n\t\t\t\t\t\t\t\t\t<p class=\"elementor-icon-box-description\">\n\t\t\t\t\t\tChaque pi\u00e8ce de notre collection est confectionn\u00e9e \u00e0 partir de mati\u00e8res soigneusement s\u00e9lectionn\u00e9es, pour vous offrir  une sensation de bien-\u00eatre au quotidien. Vous m\u00e9ritez ce qu'il y a de meilleur, et c'est exactement ce que nous vous proposons.\t\t\t\t\t<\/p>\n\t\t\t\t\n\t\t\t<\/div>\n\t\t\t\n\t\t<\/div>\n\t\t\t\t\t\t<\/div>\n\t\t\t\t<\/div>\n\t\t\t\t\t<\/div>\n\t\t\t\t<\/div>\n\t\t<div class=\"elementor-element elementor-element-872cf3a e-grid e-con-boxed e-con e-parent\" data-id=\"872cf3a\" data-element_type=\"container\" data-e-type=\"container\">\n\t\t\t\t\t<div class=\"e-con-inner\">\n\t\t\t\t<div class=\"elementor-element elementor-element-670f91a elementor-widget elementor-widget-image\" data-id=\"670f91a\" data-element_type=\"widget\" data-e-type=\"widget\" data-widget_type=\"image.default\">\n\t\t\t\t<div class=\"elementor-widget-container\">\n\t\t\t\t\t\t\t\t\t\t\t\t\t\t\t<img decoding=\"async\" width=\"184\" height=\"36\" src=\"https:\/\/mydress.fr\/wp-content\/uploads\/2021\/12\/client-logo-1.svg\" class=\"attachment-full size-full wp-image-217\" alt=\"\" \/>\t\t\t\t\t\t\t\t\t\t\t\t\t\t\t<\/div>\n\t\t\t\t<\/div>\n\t\t\t\t<div class=\"elementor-element elementor-element-da4781a elementor-widget elementor-widget-image\" data-id=\"da4781a\" data-element_type=\"widget\" data-e-type=\"widget\" data-widget_type=\"image.default\">\n\t\t\t\t<div class=\"elementor-widget-container\">\n\t\t\t\t\t\t\t\t\t\t\t\t\t\t\t<img decoding=\"async\" width=\"99\" height=\"64\" src=\"https:\/\/mydress.fr\/wp-content\/uploads\/2021\/12\/client-logo-2.svg\" class=\"attachment-full size-full wp-image-208\" alt=\"\" \/>\t\t\t\t\t\t\t\t\t\t\t\t\t\t\t<\/div>\n\t\t\t\t<\/div>\n\t\t\t\t<div class=\"elementor-element elementor-element-83db9f2 elementor-widget elementor-widget-image\" data-id=\"83db9f2\" data-element_type=\"widget\" data-e-type=\"widget\" data-widget_type=\"image.default\">\n\t\t\t\t<div class=\"elementor-widget-container\">\n\t\t\t\t\t\t\t\t\t\t\t\t\t\t\t<img loading=\"lazy\" decoding=\"async\" width=\"150\" height=\"52\" src=\"https:\/\/mydress.fr\/wp-content\/uploads\/2021\/12\/client-logo-3.svg\" class=\"attachment-full size-full wp-image-213\" alt=\"\" \/>\t\t\t\t\t\t\t\t\t\t\t\t\t\t\t<\/div>\n\t\t\t\t<\/div>\n\t\t\t\t<div class=\"elementor-element elementor-element-a41d911 elementor-widget elementor-widget-image\" data-id=\"a41d911\" data-element_type=\"widget\" data-e-type=\"widget\" data-widget_type=\"image.default\">\n\t\t\t\t<div class=\"elementor-widget-container\">\n\t\t\t\t\t\t\t\t\t\t\t\t\t\t\t<img loading=\"lazy\" decoding=\"async\" width=\"176\" height=\"52\" src=\"https:\/\/mydress.fr\/wp-content\/uploads\/2021\/12\/client-logo-4.svg\" class=\"attachment-full size-full wp-image-215\" alt=\"\" \/>\t\t\t\t\t\t\t\t\t\t\t\t\t\t\t<\/div>\n\t\t\t\t<\/div>\n\t\t\t\t\t<\/div>\n\t\t\t\t<\/div>\n\t\t<div class=\"elementor-element elementor-element-e189a51 e-flex e-con-boxed e-con e-parent\" data-id=\"e189a51\" data-element_type=\"container\" data-e-type=\"container\">\n\t\t\t\t\t<div class=\"e-con-inner\">\n\t\t<div class=\"elementor-element elementor-element-c2fc771 e-flex e-con-boxed e-con e-child\" data-id=\"c2fc771\" data-element_type=\"container\" data-e-type=\"container\" data-settings=\"{&quot;background_background&quot;:&quot;classic&quot;}\">\n\t\t\t\t\t<div class=\"e-con-inner\">\n\t\t\t\t<div class=\"elementor-element elementor-element-5b09a17 elementor-widget elementor-widget-heading\" data-id=\"5b09a17\" data-element_type=\"widget\" data-e-type=\"widget\" data-widget_type=\"heading.default\">\n\t\t\t\t<div class=\"elementor-widget-container\">\n\t\t\t\t\t<h2 class=\"elementor-heading-title elementor-size-default\">Recevez votre Newsletter<\/h2>\t\t\t\t<\/div>\n\t\t\t\t<\/div>\n\t\t\t\t<div class=\"elementor-element elementor-element-e7de4d3 elementor-widget elementor-widget-text-editor\" data-id=\"e7de4d3\" data-element_type=\"widget\" data-e-type=\"widget\" data-widget_type=\"text-editor.default\">\n\t\t\t\t<div class=\"elementor-widget-container\">\n\t\t\t\t\t\t\t\t\t<p>Inscrivez-vous pour recevoir les e-mails sur les nouvelles collections et les offres sp\u00e9ciales.<\/p>\t\t\t\t\t\t\t\t<\/div>\n\t\t\t\t<\/div>\n\t\t\t\t<div class=\"elementor-element elementor-element-d01991d elementor-widget elementor-widget-wpforms\" data-id=\"d01991d\" data-element_type=\"widget\" data-e-type=\"widget\" data-widget_type=\"wpforms.default\">\n\t\t\t\t<div class=\"elementor-widget-container\">\n\t\t\t\t\t<div class=\"wpforms-container inline-fields wpforms-subscribe-form\" id=\"wpforms-157\"><form id=\"wpforms-form-157\" class=\"wpforms-validate wpforms-form\" data-formid=\"157\" method=\"post\" enctype=\"multipart\/form-data\" action=\"\/index.php?rest_route=%2Fwp%2Fv2%2Fpages%2F3317\" data-token=\"ab632f317feae540df80b1388e95f95d\" data-token-time=\"1778845896\"><noscript class=\"wpforms-error-noscript\">Veuillez activer JavaScript dans votre navigateur pour remplir ce formulaire.<\/noscript><div class=\"wpforms-field-container\"><div id=\"wpforms-157-field_1-container\" class=\"wpforms-field wpforms-field-email\" data-field-id=\"1\"><label class=\"wpforms-field-label wpforms-label-hide\" for=\"wpforms-157-field_1\">Email <span class=\"wpforms-required-label\">*<\/span><\/label><input type=\"email\" id=\"wpforms-157-field_1\" class=\"wpforms-field-medium wpforms-field-required\" name=\"wpforms[fields][1]\" placeholder=\"Votre adresse e-mail\" spellcheck=\"false\" required><\/div><\/div><!-- .wpforms-field-container --><div class=\"wpforms-submit-container\" ><input type=\"hidden\" name=\"wpforms[id]\" value=\"157\"><input type=\"hidden\" name=\"page_title\" value=\"\"><input type=\"hidden\" name=\"page_url\" value=\"https:\/\/mydress.fr\/index.php?rest_route=\/wp\/v2\/pages\/3317\"><input type=\"hidden\" name=\"url_referer\" value=\"\"><button type=\"submit\" name=\"wpforms[submit]\" id=\"wpforms-submit-157\" class=\"wpforms-submit\" data-alt-text=\"Envoie...\" data-submit-text=\"Envoyer\" aria-live=\"assertive\" value=\"wpforms-submit\">Envoyer<\/button><\/div><\/form><\/div>  <!-- .wpforms-container -->\t\t\t\t<\/div>\n\t\t\t\t<\/div>\n\t\t\t\t\t<\/div>\n\t\t\t\t<\/div>\n\t\t\t\t\t<\/div>\n\t\t\t\t<\/div>\n\t\t<div class=\"elementor-element elementor-element-4c715e62 e-flex e-con-boxed e-con e-parent\" data-id=\"4c715e62\" data-element_type=\"container\" data-e-type=\"container\">\n\t\t\t\t\t<div class=\"e-con-inner\">\n\t\t<div class=\"elementor-element elementor-element-79ccfeb5 e-con-full e-flex e-con e-child\" data-id=\"79ccfeb5\" data-element_type=\"container\" data-e-type=\"container\">\n\t\t\t\t<div class=\"elementor-element elementor-element-7a5a4cf2 elementor-widget elementor-widget-text-editor\" data-id=\"7a5a4cf2\" data-element_type=\"widget\" data-e-type=\"widget\" data-widget_type=\"text-editor.default\">\n\t\t\t\t<div class=\"elementor-widget-container\">\n\t\t\t\t\t\t\t\t\t<p>D\u00e9couvrez les derni\u00e8res collections<\/p>\t\t\t\t\t\t\t\t<\/div>\n\t\t\t\t<\/div>\n\t\t\t\t<div class=\"elementor-element elementor-element-1ee83c7d elementor-widget elementor-widget-heading\" data-id=\"1ee83c7d\" data-element_type=\"widget\" data-e-type=\"widget\" data-widget_type=\"heading.default\">\n\t\t\t\t<div class=\"elementor-widget-container\">\n\t\t\t\t\t<h2 class=\"elementor-heading-title elementor-size-default\">Les nouveaut\u00e9s <\/h2>\t\t\t\t<\/div>\n\t\t\t\t<\/div>\n\t\t\t\t<\/div>\n\t\t<div class=\"elementor-element elementor-element-57567535 e-con-full e-flex e-con e-child\" data-id=\"57567535\" data-element_type=\"container\" data-e-type=\"container\">\n\t\t\t\t<div class=\"elementor-element elementor-element-63a5eed9 elementor-align-right elementor-mobile-align-center elementor-widget elementor-widget-button\" data-id=\"63a5eed9\" data-element_type=\"widget\" data-e-type=\"widget\" data-widget_type=\"button.default\">\n\t\t\t\t<div class=\"elementor-widget-container\">\n\t\t\t\t\t\t\t\t\t<div class=\"elementor-button-wrapper\">\n\t\t\t\t\t<a class=\"elementor-button elementor-button-link elementor-size-sm\" href=\"#\">\n\t\t\t\t\t\t<span class=\"elementor-button-content-wrapper\">\n\t\t\t\t\t\t\t\t\t<span class=\"elementor-button-text\"> Tout afficher<\/span>\n\t\t\t\t\t<\/span>\n\t\t\t\t\t<\/a>\n\t\t\t\t<\/div>\n\t\t\t\t\t\t\t\t<\/div>\n\t\t\t\t<\/div>\n\t\t\t\t<\/div>\n\t\t\t\t\t<\/div>\n\t\t\t\t<\/div>\n\t\t<div class=\"elementor-element elementor-element-96a5813 e-flex e-con-boxed e-con e-parent\" data-id=\"96a5813\" data-element_type=\"container\" data-e-type=\"container\">\n\t\t\t\t\t<div class=\"e-con-inner\">\n\t\t\t\t<div class=\"elementor-element elementor-element-37b22a0 elementor-widget-tablet__width-inherit elementor-widget elementor-widget-shortcode\" data-id=\"37b22a0\" data-element_type=\"widget\" data-e-type=\"widget\" data-widget_type=\"shortcode.default\">\n\t\t\t\t<div class=\"elementor-widget-container\">\n\t\t\t\t\t\t\t<div class=\"elementor-shortcode\"><div class=\"woocommerce columns-4 \"><ul class=\"products columns-4\" data-products=\"type-1\" data-hover=\"zoom-in\">\n<li class=\"product type-product post-3521 status-publish first instock product_cat-robe has-post-thumbnail shipping-taxable product-type-grouped\">\n\t<a href=\"https:\/\/mydress.fr\/?product=robe-a-points\" class=\"woocommerce-LoopProduct-link woocommerce-loop-product__link\"><img loading=\"lazy\" decoding=\"async\" width=\"300\" height=\"300\" src=\"https:\/\/mydress.fr\/wp-content\/uploads\/2025\/02\/1-300x300.jpeg\" class=\"attachment-woocommerce_thumbnail size-woocommerce_thumbnail\" alt=\"robe longue rouge point blanc\" srcset=\"https:\/\/mydress.fr\/wp-content\/uploads\/2025\/02\/1-300x300.jpeg 300w, https:\/\/mydress.fr\/wp-content\/uploads\/2025\/02\/1-150x150.jpeg 150w, https:\/\/mydress.fr\/wp-content\/uploads\/2025\/02\/1-768x768.jpeg 768w, https:\/\/mydress.fr\/wp-content\/uploads\/2025\/02\/1-600x600.jpeg 600w, https:\/\/mydress.fr\/wp-content\/uploads\/2025\/02\/1-100x100.jpeg 100w, https:\/\/mydress.fr\/wp-content\/uploads\/2025\/02\/1.jpeg 800w\" sizes=\"(max-width: 300px) 100vw, 300px\" \/><h2 class=\"woocommerce-loop-product__title\">Robe \u00e0 points<\/h2>\n<\/a><a href=\"https:\/\/mydress.fr\/?product=robe-a-points\" aria-describedby=\"woocommerce_loop_add_to_cart_link_describedby_3521\" data-quantity=\"1\" class=\"button product_type_grouped\" data-product_id=\"3521\" data-product_sku=\"\" aria-label=\"Voir les produits dans le groupe &ldquo;Robe \u00e0 points&rdquo;\" rel=\"nofollow\">Voir les produits<\/a>\t<span id=\"woocommerce_loop_add_to_cart_link_describedby_3521\" class=\"screen-reader-text\">\n\t\t\t<\/span>\n<\/li>\n<\/ul>\n<\/div><\/div>\n\t\t\t\t\t\t<\/div>\n\t\t\t\t<\/div>\n\t\t\t\t\t<\/div>\n\t\t\t\t<\/div>\n\t\t\t\t<\/div>\n\t\t","protected":false},"excerpt":{"rendered":"<p>NOTRE MISSION Votre \u00e9quipe de stylisme personnelle toujours l\u00e0 pour vous Notre mission est de proposer une mode f\u00e9minine moderne, \u00e9l\u00e9gante et inclusive, qui allie style et respect des valeurs culturelles et religieuses. Nous s\u00e9lectionnons des v\u00eatements qui permettent \u00e0 chaque femme de se sentir belle et confiante, tout en offrant une diversit\u00e9 de choix [&hellip;]<\/p>\n","protected":false},"author":1,"featured_media":0,"parent":0,"menu_order":0,"comment_status":"closed","ping_status":"closed","template":"","meta":{"footnotes":""},"class_list":["post-3317","page","type-page","status-publish","hentry"],"blocksy_meta":{"has_hero_section":"disabled","vertical_spacing_source":"custom","content_area_spacing":"none","styles_descriptor":{"styles":{"desktop":"","tablet":"","mobile":""},"google_fonts":[],"version":6}},"_links":{"self":[{"href":"https:\/\/mydress.fr\/index.php?rest_route=\/wp\/v2\/pages\/3317","targetHints":{"allow":["GET"]}}],"collection":[{"href":"https:\/\/mydress.fr\/index.php?rest_route=\/wp\/v2\/pages"}],"about":[{"href":"https:\/\/mydress.fr\/index.php?rest_route=\/wp\/v2\/types\/page"}],"author":[{"embeddable":true,"href":"https:\/\/mydress.fr\/index.php?rest_route=\/wp\/v2\/users\/1"}],"replies":[{"embeddable":true,"href":"https:\/\/mydress.fr\/index.php?rest_route=%2Fwp%2Fv2%2Fcomments&post=3317"}],"version-history":[{"count":73,"href":"https:\/\/mydress.fr\/index.php?rest_route=\/wp\/v2\/pages\/3317\/revisions"}],"predecessor-version":[{"id":3678,"href":"https:\/\/mydress.fr\/index.php?rest_route=\/wp\/v2\/pages\/3317\/revisions\/3678"}],"wp:attachment":[{"href":"https:\/\/mydress.fr\/index.php?rest_route=%2Fwp%2Fv2%2Fmedia&parent=3317"}],"curies":[{"name":"wp","href":"https:\/\/api.w.org\/{rel}","templated":true}]}}